{"id":66,"date":"2013-01-27T22:11:02","date_gmt":"2013-01-27T20:11:02","guid":{"rendered":"http:\/\/reitvergnuegen-im-hespenbusch.de\/?page_id=66"},"modified":"2019-05-20T13:43:48","modified_gmt":"2019-05-20T11:43:48","slug":"kinder-2","status":"publish","type":"page","link":"http:\/\/reitvergnuegen-im-hespenbusch.de\/?page_id=66","title":{"rendered":"KINDER"},"content":{"rendered":"<h4>Heilp\u00e4dagogischer Wochenendreitkurs f\u00fcr Kinder<\/h4>\n<p>Schwerpunkt des Kurses ist der Sitz und die verschiedenen Einwirkungsm\u00f6glichkeiten auf das Pferd. Ihr werdet \u00fcber Stangen reiten, Bodenhindernisse bew\u00e4ltigen und auf dem Gel\u00e4ndereitplatz bergauf- und bergab reiten \u00fcben. Manche Sequenzen werden auf Video aufgenommen, um Fortschritte sichtbar zu machen und weitere L\u00f6sungsm\u00f6glichkeiten zu entwickeln.<\/p>\n<p style=\"text-align: center;\">&nbsp;<a href=\"http:\/\/reitvergnuegen-im-hespenbusch.de\/wp-content\/uploads\/2013\/01\/juhuuu.jpg\"><img decoding=\"async\" loading=\"lazy\" class=\"alignnone size-medium wp-image-39\" src=\"http:\/\/reitvergnuegen-im-hespenbusch.de\/wp-content\/uploads\/2013\/01\/juhuuu-209x300.jpg\" alt=\"juhuuu\" width=\"209\" height=\"300\" srcset=\"http:\/\/reitvergnuegen-im-hespenbusch.de\/wp-content\/uploads\/2013\/01\/juhuuu-209x300.jpg 209w, http:\/\/reitvergnuegen-im-hespenbusch.de\/wp-content\/uploads\/2013\/01\/juhuuu.jpg 418w\" sizes=\"(max-width: 209px) 100vw, 209px\" \/><\/a><\/p>\n<h4>Sommerfreizeit f\u00fcr M\u00e4dchen mit Pferden<\/h4>\n<p style=\"text-align: left;\">Morgens vom Zwitschern der V\u00f6gel und dem Schnauben der Pferde geweckt werden, abends im Zelt ersch\u00f6pft und zufrieden den Tag abschlie\u00dfen und einschlafen. Im Mondschein Pferde beobachten, \u00fcber Wiese und durch W\u00e4lder reiten, Stockbrot \u00fcber`m Feuer r\u00f6sten, Pferde versorgen, auf dem Reitplatz neue Sachen mit den Pferden lernen. Den ganzen Tag \u00fcber Ponys; reiten, spielen, essen, lachen, Pferde\u00e4pfel sammeln&#8230;&#8230;&#8230;&#8230;.<br \/>\nDiese Woche m\u00f6chte ich mit euch drau\u00dfen zusammen mit den Pferden verbringen.<\/p>\n<p style=\"text-align: left;\">Wir schlafen in von mir gestellten oder von Euch mitgebrachten Zelten, kochen und essen gemeinsam.<\/p>\n<h4>Erlebnisp\u00e4dagogische Ferientage f\u00fcr Jungen und M\u00e4dchen mit Pferden<\/h4>\n<p>In diesen Tagen m\u00f6chte ich gemeinsam mit Euch die Pferde versorgen, pflegen, beobachten, reiten und noch vieles mehr.<\/p>\n<p>Wir werden mit den Ponys durch Wald und Wiese stromern, Akrobatik auf dem Pferder\u00fccken \u00fcben, &#8222;ernsthaft auf dem Reitplatz&#8220; reiten oder den Ponys Kunstst\u00fccke beibringen, Zwischendurch lassen wir es uns am Lagerfeuer gut gehen, erz\u00e4hlen Geschichten \u00fcber Pferde, Ponys, Gespenster, &#8230; &#8211; essen und lachen.<\/p>\n<p>Am letzten Nachmittag machen wir eine kleine Vorf\u00fchrung von unserem neuen K\u00f6nnen f\u00fcr alle Freunde und Freundinnen, Eltern, Angeh\u00f6rige &#8230;<\/p>\n<h4>Spielerische Gew\u00f6hnung ans Pony<\/h4>\n<p>Hier m\u00f6chte ich mit den Kindern die Ponys in ihrem Sozialverhalten beobachten, sie putzen und pflegen, auf ihnen reiten und turnen, und noch einiges mehr.<\/p>\n<p>Ziel ist es den Kindern einen Umgang mit Pferden in spielerischer Art zu erm\u00f6glichen und ihnen damit auch einen neuen Zugang zur Natur, zu anderen Lebewesen und nicht zuletzt zu sich selbst zu geben. Durch die \u00dcbungen auf und mit den Ponys werden unter anderem das Gleichgewicht geschult, die Motorik verbessert und das Selbstbewusstsein gest\u00e4rkt.<\/p>\n<p align=\"center\"><a href=\"http:\/\/reitvergnuegen-im-hespenbusch.de\/wp-content\/uploads\/2013\/01\/paulinemittula.jpg\"><img decoding=\"async\" loading=\"lazy\" class=\"alignnone size-medium wp-image-40\" src=\"http:\/\/reitvergnuegen-im-hespenbusch.de\/wp-content\/uploads\/2013\/01\/paulinemittula-300x200.jpg\" alt=\"paulinemittula\" width=\"300\" height=\"200\" srcset=\"http:\/\/reitvergnuegen-im-hespenbusch.de\/wp-content\/uploads\/2013\/01\/paulinemittula-300x200.jpg 300w, http:\/\/reitvergnuegen-im-hespenbusch.de\/wp-content\/uploads\/2013\/01\/paulinemittula-588x392.jpg 588w, http:\/\/reitvergnuegen-im-hespenbusch.de\/wp-content\/uploads\/2013\/01\/paulinemittula.jpg 600w\" sizes=\"(max-width: 300px) 100vw, 300px\" \/><\/a><\/p>\n<h4>Regelm\u00e4\u00dfiges Heilp\u00e4dagogisches Reiten f\u00fcr Kinder und Jugendliche<\/h4>\n<p>Spielerische Gew\u00f6hnung ans Pferd<\/p>\n<ul>\n<li>Montags 16:00 Uhr &#8211; 17:00 Uhr<\/li>\n<li>Dienstags 15:00 Uhr &#8211; 16:00 Uhr, 17:00 Uhr &#8211; 18:00 Uhr<\/li>\n<li>Donnerstags von 15.00-16.00 Uhr<\/li>\n<\/ul>\n<p>Reiten und den Umgang mit Ponys lernen<\/p>\n<ul>\n<li>Montags 17:00 Uhr &#8211; 18:00 Uhr<\/li>\n<li>Dienstags von 16.00-17.00 Uhr<\/li>\n<li>Donnerstags von 16.00-17.00 Uhr<\/li>\n<\/ul>\n<h4>Reiten und den Umgang mit Ponys lernen<\/h4>\n<p>F\u00fcr Kinder, die erste Erfahrungen mit Ponys machen wollen oder einen neuen freundschaftlichen Umgang und Reitstil mit Ponys erlernen m\u00f6chten.<\/p>\n<p>Ziel dieser Gruppenstunde ist es, Kindern den Umgang mit Ponys zu erm\u00f6glichen, ohne das der Wunsch nach N\u00e4he und Freundschaft mit dem Pony, durch Leistungsdruck oder ein zuviel an Dominanz, unwichtig wird. Die Kinder lernen ihr Pony als Partner\/in zu erleben und lernen so, umsichtig und r\u00fccksichtsvoll im Umgang sowohl mit dem Pony, als auch mit anderen, zu sein. Parallel dazu, aber nicht im Gegensatz dazu, wird das Durchsetzungsverm\u00f6gen und das Selbstbewusstsein gest\u00e4rkt und geschult. Nat\u00fcrlich steht auch das Reitenlernen im Vordergrund, welches auf der Basis der leichten Reitweise und des Feldenkrais- Reitens gelehrt wird.<\/p>\n<p>&nbsp;<\/p>\n","protected":false},"excerpt":{"rendered":"<p>Heilp\u00e4dagogischer Wochenendreitkurs f\u00fcr Kinder Schwerpunkt des Kurses ist der Sitz und die verschiedenen Einwirkungsm\u00f6glichkeiten auf das Pferd. Ihr werdet \u00fcber Stangen reiten, Bodenhindernisse bew\u00e4ltigen und auf dem Gel\u00e4ndereitplatz bergauf- und bergab reiten \u00fcben. Manche Sequenzen werden auf Video aufgenommen, um Fortschritte sichtbar zu machen und weitere L\u00f6sungsm\u00f6glichkeiten zu entwickeln. &nbsp; Sommerfreizeit f\u00fcr M\u00e4dchen mit Pferden [&hellip;]<\/p>\n","protected":false},"author":1,"featured_media":0,"parent":0,"menu_order":5,"comment_status":"closed","ping_status":"closed","template":"","meta":{"ngg_post_thumbnail":0},"_links":{"self":[{"href":"http:\/\/reitvergnuegen-im-hespenbusch.de\/index.php?rest_route=\/wp\/v2\/pages\/66"}],"collection":[{"href":"http:\/\/reitvergnuegen-im-hespenbusch.de\/index.php?rest_route=\/wp\/v2\/pages"}],"about":[{"href":"http:\/\/reitvergnuegen-im-hespenbusch.de\/index.php?rest_route=\/wp\/v2\/types\/page"}],"author":[{"embeddable":true,"href":"http:\/\/reitvergnuegen-im-hespenbusch.de\/index.php?rest_route=\/wp\/v2\/users\/1"}],"replies":[{"embeddable":true,"href":"http:\/\/reitvergnuegen-im-hespenbusch.de\/index.php?rest_route=%2Fwp%2Fv2%2Fcomments&post=66"}],"version-history":[{"count":8,"href":"http:\/\/reitvergnuegen-im-hespenbusch.de\/index.php?rest_route=\/wp\/v2\/pages\/66\/revisions"}],"predecessor-version":[{"id":183,"href":"http:\/\/reitvergnuegen-im-hespenbusch.de\/index.php?rest_route=\/wp\/v2\/pages\/66\/revisions\/183"}],"wp:attachment":[{"href":"http:\/\/reitvergnuegen-im-hespenbusch.de\/index.php?rest_route=%2Fwp%2Fv2%2Fmedia&parent=66"}],"curies":[{"name":"wp","href":"https:\/\/api.w.org\/{rel}","templated":true}]}}